{"id":767,"date":"2024-07-29T16:49:54","date_gmt":"2024-07-29T16:49:54","guid":{"rendered":"https:\/\/fullenergy.grupomidia.com\/welcomeenergia\/?page_id=767"},"modified":"2025-10-14T12:53:09","modified_gmt":"2025-10-14T12:53:09","slug":"seja-patrocinador-welcome-energia","status":"publish","type":"page","link":"https:\/\/fullenergy.grupomidia.com\/welcomeenergia\/seja-patrocinador-welcome-energia\/","title":{"rendered":"Seja Patrocinador &#8211; Welcome Energia"},"content":{"rendered":"<div class=\"wpb-content-wrapper\">[vc_row full_width=&#8221;stretch_row_content_no_spaces&#8221; parallax=&#8221;content-moving&#8221; opacity_bg_pattern=&#8221;0.1&#8243; css=&#8221;.vc_custom_1751054149447{background-position: 0 0;background-repeat: no-repeat !important;}&#8221;][vc_column css=&#8221;.vc_custom_1751054656975{margin-top: -8% !important;margin-bottom: -8% !important;background-image: url(https:\/\/fullenergy.grupomidia.com\/welcomeenergia\/wp-content\/uploads\/2024\/07\/welcomeEneregia-fullEnergy-grupoMidia-24-07-24final-cut.jpg?id=478) !important;background-position: center !important;background-repeat: no-repeat !important;background-size: cover !important;}&#8221;]<section id=\"intro-4\" class=\"intro-section \">\n                <div id=\"intro-4-content\">\n                      <div class=\"container white-color\">   \n                          <div  class=\"row\">\n                              \n                              <div class=\"col-md-5 intro-title text-right p-right-30\"><h2>WELCOME ENERGIA<\/h2><\/div><div class=\"col-md-7 intro-txt p-left-30\"><h3>SEJA PATROCINADOR<\/h3> <h4>Em breve, divulgaremos nova data e local.<\/h4> <\/div><\/div>\n                    <\/div>\n                <\/div>\n            <\/section>[\/vc_column][\/vc_row][vc_row full_width=&#8221;stretch_row_content_no_spaces&#8221; opacity_bg_pattern=&#8221;0.1&#8243;][vc_column width=&#8221;1\/4&#8243;][\/vc_column][vc_column width=&#8221;1\/2&#8243;][vc_column_text css=&#8221;&#8221;]\r\n<div id=\"patrocinadorwelcomeenergia_2026-49a1d106187b59dfbaf5\" role=\"main\"><\/div>\r\n<script type=\"text\/javascript\" src=\"https:\/\/d335luupugsy2.cloudfront.net\/js\/rdstation-forms\/stable\/rdstation-forms.min.js\"><\/script><script type=\"text\/javascript\"> new RDStationForms('patrocinadorwelcomeenergia_2026-49a1d106187b59dfbaf5', 'null').createForm();<\/script>[\/vc_column_text][\/vc_column][vc_column width=&#8221;1\/4&#8243;][\/vc_column][\/vc_row][vc_row full_width=&#8221;stretch_row&#8221; parallax=&#8221;content-moving&#8221; disable_element=&#8221;yes&#8221; opacity_bg_pattern=&#8221;0.8&#8243; el_id=&#8221;credenciamento&#8221; el_class=&#8221;promo-section division&#8221; ova_bg_pattern=&#8221;#00cc66&#8243; css=&#8221;.vc_custom_1760446377069{margin-top: 1px !important;margin-bottom: 1px !important;padding-bottom: 1px !important;}&#8221;][vc_column width=&#8221;5\/6&#8243; el_class=&#8221;p-top-70 p-bottom-70&#8243; offset=&#8221;vc_col-lg-offset-1 vc_col-md-offset-1 vc_col-sm-offset-1&#8243;] <div class=\"text-center white-color \">\n                \n                \n                \n                <div class=\"promo-buttons m-top-10\"><a href=\"https:\/\/fullenergy.grupomidia.com\/welcomeenergia\/credenciamento-welcome-energia\/\" class=\"btn btn-lg btn-tra internal-link\">CREDENCIAMENTO<\/a><a href=\"https:\/\/fullenergy.grupomidia.com\/welcomeenergia\/seja-patrocinador-welcome-energia\/\" class=\"btn btn-lg btn-tra internal-link\">SEJA PATROCINADOR<\/a><\/div> \t\n\n            <\/div>[\/vc_column][\/vc_row][vc_row full_width=&#8221;stretch_row&#8221; parallax=&#8221;content-moving&#8221; parallax_image=&#8221;478&#8243; opacity_bg_pattern=&#8221;0.7&#8243; el_class=&#8221;p-top-80 p-bottom-80 division&#8221; css=&#8221;.vc_custom_1722280427869{padding-top: 10% !important;padding-bottom: 10% !important;}&#8221; ova_bg_pattern=&#8221;#00cc66&#8243;][vc_column][vc_single_image image=&#8221;712&#8243; img_size=&#8221;full&#8221; alignment=&#8221;center&#8221; onclick=&#8221;custom_link&#8221; img_link_target=&#8221;_blank&#8221; css=&#8221;&#8221; link=&#8221;https:\/\/grupomidia.com&#8221;][vc_column_text css=&#8221;.vc_custom_1722261663006{margin-bottom: 0px !important;padding-top: -3px !important;}&#8221;]\r\n<p style=\"text-align: center;\"><span style=\"color: #fff; font-size: 20px;\">Neg\u00f3cios s\u00e3o feitos de conex\u00f5es e disso a gente entende.<\/span><\/p>\r\n[\/vc_column_text][vc_column_text css=&#8221;.vc_custom_1722264287869{margin-bottom: 0px !important;padding-top: -3px !important;}&#8221;]\r\n\r\n<hr \/>\r\n\r\n&nbsp;\r\n<p style=\"text-align: center;\"><span style=\"color: #fff; font-size: 26px;\">16 3913 &#8211; 9800<\/span><\/p>\r\n&nbsp;\r\n<p style=\"text-align: center;\"><span style=\"color: #fff; font-size: 20px;\">\r\nmarketing@grupomidia.com<\/span><\/p>\r\n<p style=\"text-align: center;\"><span style=\"color: #fff; font-size: 20px;\">eventos@grupomidia.com<\/span><\/p>\r\n<p style=\"text-align: center;\"><span style=\"color: #fff; font-size: 20px;\">fullenergy@grupomidia.com<\/span><\/p>\r\n[\/vc_column_text]<div class=\"text-center \">\n                  <h3 class=\"h3-thin\"><\/h3>\n                  <p class=\"p-lg\"><\/p>\n                  <div>\n                      <br><br><ul class=\"footer-icons clearfix\">\n  \n<li><a class=\"foo-social ico-linkedin\" href=\"https:\/\/www.linkedin.com\/company\/grupo-midia\/\"><i class=\"fa fa-linkedin\" aria-hidden=\"true\"><\/i><\/a><\/li>\n<li><a class=\"foo-social ico-youtube\" href=\"https:\/\/www.youtube.com\/channel\/UCguDkcmnR_EMxrN67-Juj7w\"><i class=\"fa fa-youtube\" aria-hidden=\"true\"><\/i><\/a><\/li>\n<li><a class=\"foo-social ico-instagram\" href=\"https:\/\/www.instagram.com\/grupomidia\/\"><i class=\"fa fa-instagram\" aria-hidden=\"true\"><\/i><\/a><\/li>    \n<\/ul><br><br>\n                  <\/div>\n              <\/div>[\/vc_column][\/vc_row][vc_row full_width=&#8221;stretch_row_content_no_spaces&#8221; css=&#8221;.vc_custom_1722262604325{padding-top: 2% !important;padding-bottom: 2% !important;background-color: #00cc66 !important;}&#8221; ova_bg_pattern=&#8221;#00cc66&#8243; ova_textcolor=&#8221;#ffffff&#8221;][vc_column][vc_column_text css=&#8221;.vc_custom_1740750585257{margin-bottom: 0px !important;}&#8221;]\r\n<p style=\"text-align: center;\"><span style=\"color: #fff;\">Copyright \u00a9 2025. Welcome Energia.\u00a0Grupo M\u00eddia. CNPJ: 29.782.634\/0001-25. Todos os direitos resrvados. Contato: 16 3913 &#8211; 9800.<\/span><\/p>\r\n[\/vc_column_text][\/vc_column][\/vc_row]<\/div>","protected":false},"excerpt":{"rendered":"<p>[vc_row full_width=&#8221;stretch_row_content_no_spaces&#8221; parallax=&#8221;content-moving&#8221; opacity_bg_pattern=&#8221;0.1&#8243; css=&#8221;.vc_custom_1751054149447{background-position: 0 0;background-repeat: no-repeat !important;}&#8221;][vc_column css=&#8221;.vc_custom_1751054656975{margin-top: -8% !important;margin-bottom: -8% !important;background-image: url(https:\/\/fullenergy.grupomidia.com\/welcomeenergia\/wp-content\/uploads\/2024\/07\/welcomeEneregia-fullEnergy-grupoMidia-24-07-24final-cut.jpg?id=478) !important;background-position: center !important;background-repeat: no-repeat !important;background-size: cover !important;}&#8221;][\/vc_column][\/vc_row][vc_row full_width=&#8221;stretch_row_content_no_spaces&#8221; opacity_bg_pattern=&#8221;0.1&#8243;][vc_column width=&#8221;1\/4&#8243;][\/vc_column][vc_column width=&#8221;1\/2&#8243;][vc_column_text css=&#8221;&#8221;] [\/vc_column_text][\/vc_column][vc_column width=&#8221;1\/4&#8243;][\/vc_column][\/vc_row][vc_row full_width=&#8221;stretch_row&#8221; parallax=&#8221;content-moving&#8221; disable_element=&#8221;yes&#8221; opacity_bg_pattern=&#8221;0.8&#8243; el_id=&#8221;credenciamento&#8221; el_class=&#8221;promo-section division&#8221; ova_bg_pattern=&#8221;#00cc66&#8243; css=&#8221;.vc_custom_1760446377069{margin-top: 1px !important;margin-bottom: 1px !important;padding-bottom: 1px !important;}&#8221;][vc_column width=&#8221;5\/6&#8243; el_class=&#8221;p-top-70 p-bottom-70&#8243; offset=&#8221;vc_col-lg-offset-1 vc_col-md-offset-1 vc_col-sm-offset-1&#8243;][\/vc_column][\/vc_row][vc_row full_width=&#8221;stretch_row&#8221; parallax=&#8221;content-moving&#8221; parallax_image=&#8221;478&#8243; opacity_bg_pattern=&#8221;0.7&#8243; el_class=&#8221;p-top-80 [&hellip;]<\/p>\n","protected":false},"author":1,"featured_media":0,"parent":0,"menu_order":0,"comment_status":"closed","ping_status":"closed","template":"","meta":{"footnotes":""},"class_list":["post-767","page","type-page","status-publish","hentry"],"_links":{"self":[{"href":"https:\/\/fullenergy.grupomidia.com\/welcomeenergia\/wp-json\/wp\/v2\/pages\/767","targetHints":{"allow":["GET"]}}],"collection":[{"href":"https:\/\/fullenergy.grupomidia.com\/welcomeenergia\/wp-json\/wp\/v2\/pages"}],"about":[{"href":"https:\/\/fullenergy.grupomidia.com\/welcomeenergia\/wp-json\/wp\/v2\/types\/page"}],"author":[{"embeddable":true,"href":"https:\/\/fullenergy.grupomidia.com\/welcomeenergia\/wp-json\/wp\/v2\/users\/1"}],"replies":[{"embeddable":true,"href":"https:\/\/fullenergy.grupomidia.com\/welcomeenergia\/wp-json\/wp\/v2\/comments?post=767"}],"version-history":[{"count":3,"href":"https:\/\/fullenergy.grupomidia.com\/welcomeenergia\/wp-json\/wp\/v2\/pages\/767\/revisions"}],"predecessor-version":[{"id":1088,"href":"https:\/\/fullenergy.grupomidia.com\/welcomeenergia\/wp-json\/wp\/v2\/pages\/767\/revisions\/1088"}],"wp:attachment":[{"href":"https:\/\/fullenergy.grupomidia.com\/welcomeenergia\/wp-json\/wp\/v2\/media?parent=767"}],"curies":[{"name":"wp","href":"https:\/\/api.w.org\/{rel}","templated":true}]}}